{"id":167,"date":"2017-07-25T10:08:18","date_gmt":"2017-07-25T10:08:18","guid":{"rendered":"http:\/\/www.mafsz.hu\/?page_id=167"},"modified":"2020-08-25T19:10:24","modified_gmt":"2020-08-25T18:10:24","slug":"tagsag","status":"publish","type":"page","link":"https:\/\/www.mafsz.hu\/index.php\/tagsag\/","title":{"rendered":"Tags\u00e1g"},"content":{"rendered":"<p>A MAFSZ-nak jelenleg k\u00f6zel 700 regisztr\u00e1lt tagja van, \u00e9s t\u00f6bbs\u00e9g\u00fck akt\u00edvan k\u00e9sz\u00edt filmeket. Az \u00e1tlag\u00e9letkor nem haladja meg a 40 \u00e9vet, annak ellen\u00e9re, hogy tagjaink k\u00f6z\u00f6tt sz\u00e9p sz\u00e1mmal vannak nyugd\u00edjas kor\u00faak is.<\/p>\n<h4><a href=\"http:\/\/www.mafsz.hu\/wp-content\/uploads\/MAFSZ_Alapszabaly.pdf\" target=\"_blank\" rel=\"noopener noreferrer\">A MAFSZ Alapszab\u00e1lya<\/a><\/h4>\n<p>Ha szeretn\u00e9l tagja lenni a Magyar F\u00fcggetlen Film \u00e9s Video Sz\u00f6vets\u00e9gnek, akkor k\u00fcldj egy email-t a mafsz@mafsz.hu-ra \u00e9s v\u00e1laszlev\u00e9lben minden r\u00e9szletet megk\u00fcld\u00fcnk.<br \/>\nHa fesztiv\u00e1l nevez\u00e9s miatt szeretn\u00e9d, hogy felvegy\u00fcnk tagjaink k\u00f6z\u00e9, akkor ne f\u00e1radj k\u00e9tszer. El\u00e9g ha benevezed a filmed \u00e9s megfizeted az \u00e9ves tagi hozz\u00e1j\u00e1rul\u00e1st, \u00e9s automatikusan a tagjaink k\u00f6zt tudhatunk.<\/p>\n<p>Az k\u00f6telez\u0151 tagi hozz\u00e1j\u00e1rul\u00e1s m\u00e9rt\u00e9ke di\u00e1koknak \u00e9s nyugd\u00edjasoknak 2500 Ft\/napt\u00e1ri \u00e9v, keres\u0151knek 5000 Ft\/napt\u00e1ri \u00e9v.<br \/>\nA tagi hozz\u00e1j\u00e1rul\u00e1st a MAFSZ Egyes\u00fclet 11712004-20066978-00000000 sz\u00e1mlasz\u00e1mra tudod utalni.<br \/>\nNe felejtsd el a k\u00f6zlem\u00e9ny rovatban felt\u00fcntetni, a jelentkez\u0151 teljes nev\u00e9t!<\/p>\n<p>\u00cdzel\u00edt\u0151 a tags\u00e1g el\u0151nyeib\u0151l:<\/p>\n<ul>\n<li>a MAFSZ szeml\u00e9ire a tagok sz\u00e1m\u00e1ra a nevez\u00e9s ingyenes<\/li>\n<li>kedvezm\u00e9nyes sz\u00e1ll\u00e1slehet\u0151s\u00e9g a t\u00e1jegys\u00e9gi szeml\u00e9inken, valamint orsz\u00e1gos fesztiv\u00e1lunkon<\/li>\n<li>kedvezm\u00e9nyes r\u00e9szv\u00e9tel alkot\u00f3t\u00e1borainkon, workshopjainkon<\/li>\n<li>kedvezm\u00e9nyes, vagy ingyenes szerz\u0151i jogi tan\u00e1csad\u00e1s<\/li>\n<\/ul>\n<figure class=\"figure aligncenter\"><a href=\"https:\/\/www.mafsz.hu\/wp-content\/uploads\/2019\/10\/64-orszagos-fuggetlenfilm-fesztival-csoportkep.jpg\" target=\"_blank\" rel=\"noopener noreferrer\"><img loading=\"lazy\" decoding=\"async\" class=\"wp-image-1522 size-large\" src=\"https:\/\/www.mafsz.hu\/wp-content\/uploads\/2019\/10\/64-orszagos-fuggetlenfilm-fesztival-csoportkep-1024x683.jpg\" alt=\"\" width=\"1024\" height=\"683\" srcset=\"https:\/\/www.mafsz.hu\/wp-content\/uploads\/2019\/10\/64-orszagos-fuggetlenfilm-fesztival-csoportkep-1024x683.jpg 1024w, https:\/\/www.mafsz.hu\/wp-content\/uploads\/2019\/10\/64-orszagos-fuggetlenfilm-fesztival-csoportkep-300x200.jpg 300w, https:\/\/www.mafsz.hu\/wp-content\/uploads\/2019\/10\/64-orszagos-fuggetlenfilm-fesztival-csoportkep-768x512.jpg 768w, https:\/\/www.mafsz.hu\/wp-content\/uploads\/2019\/10\/64-orszagos-fuggetlenfilm-fesztival-csoportkep-600x400.jpg 600w, https:\/\/www.mafsz.hu\/wp-content\/uploads\/2019\/10\/64-orszagos-fuggetlenfilm-fesztival-csoportkep-272x182.jpg 272w, https:\/\/www.mafsz.hu\/wp-content\/uploads\/2019\/10\/64-orszagos-fuggetlenfilm-fesztival-csoportkep.jpg 1200w\" sizes=\"auto, (max-width: 1024px) 100vw, 1024px\" \/><\/a><figcaption class=\"figure-caption text-center\">Csoportk\u00e9p a 64. Orsz\u00e1gos F\u00fcggetlenfilm Fesztiv\u00e1l z\u00e1r\u00f3napj\u00e1n \/ Szentes, 2019.<\/figcaption><\/figure>\n<p>&nbsp;<\/p>\n","protected":false},"excerpt":{"rendered":"<p>A MAFSZ-nak jelenleg k\u00f6zel 700 regisztr\u00e1lt tagja van, \u00e9s t\u00f6bbs\u00e9g\u00fck akt\u00edvan k\u00e9sz\u00edt filmeket. Az \u00e1tlag\u00e9letkor nem haladja meg a 40 &hellip; <a href=\"https:\/\/www.mafsz.hu\/index.php\/tagsag\/\" class=\"more-link\">Continue reading <span class=\"screen-reader-text\">Tags\u00e1g<\/span><\/a><\/p>\n","protected":false},"author":1,"featured_media":0,"parent":0,"menu_order":0,"comment_status":"closed","ping_status":"closed","template":"","meta":{"footnotes":""},"class_list":["post-167","page","type-page","status-publish","hentry"],"yoast_head":"<!-- This site is optimized with the Yoast SEO plugin v27.0 - https:\/\/yoast.com\/product\/yoast-seo-wordpress\/ -->\n<title>Tags\u00e1g - MAFSZ<\/title>\n<meta name=\"description\" content=\"Ha szeretn\u00e9l tagja lenni a Magyar F\u00fcggetlen Film \u00e9s Video Sz\u00f6vets\u00e9gnek, \u00edzel\u00edt\u0151 a tags\u00e1g el\u0151nyeib\u0151l\" \/>\n<meta name=\"robots\" content=\"index, follow, max-snippet:-1, max-image-preview:large, max-video-preview:-1\" \/>\n<link rel=\"canonical\" href=\"https:\/\/www.mafsz.hu\/index.php\/tagsag\/\" \/>\n<meta property=\"og:locale\" content=\"hu_HU\" \/>\n<meta property=\"og:type\" content=\"article\" \/>\n<meta property=\"og:title\" content=\"Tags\u00e1g - MAFSZ\" \/>\n<meta property=\"og:description\" content=\"Ha szeretn\u00e9l tagja lenni a Magyar F\u00fcggetlen Film \u00e9s Video Sz\u00f6vets\u00e9gnek, \u00edzel\u00edt\u0151 a tags\u00e1g el\u0151nyeib\u0151l\" \/>\n<meta property=\"og:url\" content=\"https:\/\/www.mafsz.hu\/index.php\/tagsag\/\" \/>\n<meta property=\"og:site_name\" content=\"MAFSZ\" \/>\n<meta property=\"article:publisher\" content=\"https:\/\/www.facebook.com\/MAFSZ\/\" \/>\n<meta property=\"article:modified_time\" content=\"2020-08-25T18:10:24+00:00\" \/>\n<meta property=\"og:image\" content=\"https:\/\/www.mafsz.hu\/wp-content\/uploads\/2019\/10\/64-orszagos-fuggetlenfilm-fesztival-csoportkep-1024x683.jpg\" \/>\n<meta name=\"twitter:card\" content=\"summary_large_image\" \/>\n<meta name=\"twitter:label1\" content=\"Becs\u00fclt olvas\u00e1si id\u0151\" \/>\n\t<meta name=\"twitter:data1\" content=\"1 perc\" \/>\n<script type=\"application\/ld+json\" class=\"yoast-schema-graph\">{\"@context\":\"https:\/\/schema.org\",\"@graph\":[{\"@type\":\"WebPage\",\"@id\":\"https:\/\/www.mafsz.hu\/index.php\/tagsag\/\",\"url\":\"https:\/\/www.mafsz.hu\/index.php\/tagsag\/\",\"name\":\"Tags\u00e1g - MAFSZ\",\"isPartOf\":{\"@id\":\"https:\/\/www.mafsz.hu\/#website\"},\"primaryImageOfPage\":{\"@id\":\"https:\/\/www.mafsz.hu\/index.php\/tagsag\/#primaryimage\"},\"image\":{\"@id\":\"https:\/\/www.mafsz.hu\/index.php\/tagsag\/#primaryimage\"},\"thumbnailUrl\":\"https:\/\/www.mafsz.hu\/wp-content\/uploads\/2019\/10\/64-orszagos-fuggetlenfilm-fesztival-csoportkep-1024x683.jpg\",\"datePublished\":\"2017-07-25T10:08:18+00:00\",\"dateModified\":\"2020-08-25T18:10:24+00:00\",\"description\":\"Ha szeretn\u00e9l tagja lenni a Magyar F\u00fcggetlen Film \u00e9s Video Sz\u00f6vets\u00e9gnek, \u00edzel\u00edt\u0151 a tags\u00e1g el\u0151nyeib\u0151l\",\"breadcrumb\":{\"@id\":\"https:\/\/www.mafsz.hu\/index.php\/tagsag\/#breadcrumb\"},\"inLanguage\":\"hu\",\"potentialAction\":[{\"@type\":\"ReadAction\",\"target\":[\"https:\/\/www.mafsz.hu\/index.php\/tagsag\/\"]}]},{\"@type\":\"ImageObject\",\"inLanguage\":\"hu\",\"@id\":\"https:\/\/www.mafsz.hu\/index.php\/tagsag\/#primaryimage\",\"url\":\"https:\/\/www.mafsz.hu\/wp-content\/uploads\/2019\/10\/64-orszagos-fuggetlenfilm-fesztival-csoportkep.jpg\",\"contentUrl\":\"https:\/\/www.mafsz.hu\/wp-content\/uploads\/2019\/10\/64-orszagos-fuggetlenfilm-fesztival-csoportkep.jpg\",\"width\":1200,\"height\":800},{\"@type\":\"BreadcrumbList\",\"@id\":\"https:\/\/www.mafsz.hu\/index.php\/tagsag\/#breadcrumb\",\"itemListElement\":[{\"@type\":\"ListItem\",\"position\":1,\"name\":\"Home\",\"item\":\"https:\/\/www.mafsz.hu\/\"},{\"@type\":\"ListItem\",\"position\":2,\"name\":\"Tags\u00e1g\"}]},{\"@type\":\"WebSite\",\"@id\":\"https:\/\/www.mafsz.hu\/#website\",\"url\":\"https:\/\/www.mafsz.hu\/\",\"name\":\"MAFSZ - Magyar F\u00fcggetlen Film \u00e9s Vide\u00f3 Sz\u00f6vets\u00e9g\",\"description\":\"Magyar F\u00fcggetlen Film \u00e9s Video Sz\u00f6vets\u00e9g\",\"publisher\":{\"@id\":\"https:\/\/www.mafsz.hu\/#organization\"},\"potentialAction\":[{\"@type\":\"SearchAction\",\"target\":{\"@type\":\"EntryPoint\",\"urlTemplate\":\"https:\/\/www.mafsz.hu\/?s={search_term_string}\"},\"query-input\":{\"@type\":\"PropertyValueSpecification\",\"valueRequired\":true,\"valueName\":\"search_term_string\"}}],\"inLanguage\":\"hu\"},{\"@type\":\"Organization\",\"@id\":\"https:\/\/www.mafsz.hu\/#organization\",\"name\":\"Magyar F\u00fcggetlen Film \u00e9s Video Sz\u00f6vets\u00e9g\",\"url\":\"https:\/\/www.mafsz.hu\/\",\"logo\":{\"@type\":\"ImageObject\",\"inLanguage\":\"hu\",\"@id\":\"https:\/\/www.mafsz.hu\/#\/schema\/logo\/image\/\",\"url\":\"https:\/\/www.mafsz.hu\/wp-content\/uploads\/2019\/01\/Mafszlogo_ff_72dpi_2018.jpg\",\"contentUrl\":\"https:\/\/www.mafsz.hu\/wp-content\/uploads\/2019\/01\/Mafszlogo_ff_72dpi_2018.jpg\",\"width\":724,\"height\":705,\"caption\":\"Magyar F\u00fcggetlen Film \u00e9s Video Sz\u00f6vets\u00e9g\"},\"image\":{\"@id\":\"https:\/\/www.mafsz.hu\/#\/schema\/logo\/image\/\"},\"sameAs\":[\"https:\/\/www.facebook.com\/MAFSZ\/\",\"https:\/\/www.instagram.com\/mafsz31\",\"https:\/\/www.youtube.com\/channel\/UC0VaPk-iRomi0S1rTqAlFZg\"]}]}<\/script>\n<!-- \/ Yoast SEO plugin. -->","yoast_head_json":{"title":"Tags\u00e1g - MAFSZ","description":"Ha szeretn\u00e9l tagja lenni a Magyar F\u00fcggetlen Film \u00e9s Video Sz\u00f6vets\u00e9gnek, \u00edzel\u00edt\u0151 a tags\u00e1g el\u0151nyeib\u0151l","robots":{"index":"index","follow":"follow","max-snippet":"max-snippet:-1","max-image-preview":"max-image-preview:large","max-video-preview":"max-video-preview:-1"},"canonical":"https:\/\/www.mafsz.hu\/index.php\/tagsag\/","og_locale":"hu_HU","og_type":"article","og_title":"Tags\u00e1g - MAFSZ","og_description":"Ha szeretn\u00e9l tagja lenni a Magyar F\u00fcggetlen Film \u00e9s Video Sz\u00f6vets\u00e9gnek, \u00edzel\u00edt\u0151 a tags\u00e1g el\u0151nyeib\u0151l","og_url":"https:\/\/www.mafsz.hu\/index.php\/tagsag\/","og_site_name":"MAFSZ","article_publisher":"https:\/\/www.facebook.com\/MAFSZ\/","article_modified_time":"2020-08-25T18:10:24+00:00","og_image":[{"url":"https:\/\/www.mafsz.hu\/wp-content\/uploads\/2019\/10\/64-orszagos-fuggetlenfilm-fesztival-csoportkep-1024x683.jpg","type":"","width":"","height":""}],"twitter_card":"summary_large_image","twitter_misc":{"Becs\u00fclt olvas\u00e1si id\u0151":"1 perc"},"schema":{"@context":"https:\/\/schema.org","@graph":[{"@type":"WebPage","@id":"https:\/\/www.mafsz.hu\/index.php\/tagsag\/","url":"https:\/\/www.mafsz.hu\/index.php\/tagsag\/","name":"Tags\u00e1g - MAFSZ","isPartOf":{"@id":"https:\/\/www.mafsz.hu\/#website"},"primaryImageOfPage":{"@id":"https:\/\/www.mafsz.hu\/index.php\/tagsag\/#primaryimage"},"image":{"@id":"https:\/\/www.mafsz.hu\/index.php\/tagsag\/#primaryimage"},"thumbnailUrl":"https:\/\/www.mafsz.hu\/wp-content\/uploads\/2019\/10\/64-orszagos-fuggetlenfilm-fesztival-csoportkep-1024x683.jpg","datePublished":"2017-07-25T10:08:18+00:00","dateModified":"2020-08-25T18:10:24+00:00","description":"Ha szeretn\u00e9l tagja lenni a Magyar F\u00fcggetlen Film \u00e9s Video Sz\u00f6vets\u00e9gnek, \u00edzel\u00edt\u0151 a tags\u00e1g el\u0151nyeib\u0151l","breadcrumb":{"@id":"https:\/\/www.mafsz.hu\/index.php\/tagsag\/#breadcrumb"},"inLanguage":"hu","potentialAction":[{"@type":"ReadAction","target":["https:\/\/www.mafsz.hu\/index.php\/tagsag\/"]}]},{"@type":"ImageObject","inLanguage":"hu","@id":"https:\/\/www.mafsz.hu\/index.php\/tagsag\/#primaryimage","url":"https:\/\/www.mafsz.hu\/wp-content\/uploads\/2019\/10\/64-orszagos-fuggetlenfilm-fesztival-csoportkep.jpg","contentUrl":"https:\/\/www.mafsz.hu\/wp-content\/uploads\/2019\/10\/64-orszagos-fuggetlenfilm-fesztival-csoportkep.jpg","width":1200,"height":800},{"@type":"BreadcrumbList","@id":"https:\/\/www.mafsz.hu\/index.php\/tagsag\/#breadcrumb","itemListElement":[{"@type":"ListItem","position":1,"name":"Home","item":"https:\/\/www.mafsz.hu\/"},{"@type":"ListItem","position":2,"name":"Tags\u00e1g"}]},{"@type":"WebSite","@id":"https:\/\/www.mafsz.hu\/#website","url":"https:\/\/www.mafsz.hu\/","name":"MAFSZ - Magyar F\u00fcggetlen Film \u00e9s Vide\u00f3 Sz\u00f6vets\u00e9g","description":"Magyar F\u00fcggetlen Film \u00e9s Video Sz\u00f6vets\u00e9g","publisher":{"@id":"https:\/\/www.mafsz.hu\/#organization"},"potentialAction":[{"@type":"SearchAction","target":{"@type":"EntryPoint","urlTemplate":"https:\/\/www.mafsz.hu\/?s={search_term_string}"},"query-input":{"@type":"PropertyValueSpecification","valueRequired":true,"valueName":"search_term_string"}}],"inLanguage":"hu"},{"@type":"Organization","@id":"https:\/\/www.mafsz.hu\/#organization","name":"Magyar F\u00fcggetlen Film \u00e9s Video Sz\u00f6vets\u00e9g","url":"https:\/\/www.mafsz.hu\/","logo":{"@type":"ImageObject","inLanguage":"hu","@id":"https:\/\/www.mafsz.hu\/#\/schema\/logo\/image\/","url":"https:\/\/www.mafsz.hu\/wp-content\/uploads\/2019\/01\/Mafszlogo_ff_72dpi_2018.jpg","contentUrl":"https:\/\/www.mafsz.hu\/wp-content\/uploads\/2019\/01\/Mafszlogo_ff_72dpi_2018.jpg","width":724,"height":705,"caption":"Magyar F\u00fcggetlen Film \u00e9s Video Sz\u00f6vets\u00e9g"},"image":{"@id":"https:\/\/www.mafsz.hu\/#\/schema\/logo\/image\/"},"sameAs":["https:\/\/www.facebook.com\/MAFSZ\/","https:\/\/www.instagram.com\/mafsz31","https:\/\/www.youtube.com\/channel\/UC0VaPk-iRomi0S1rTqAlFZg"]}]}},"jetpack_sharing_enabled":true,"_links":{"self":[{"href":"https:\/\/www.mafsz.hu\/index.php\/wp-json\/wp\/v2\/pages\/167","targetHints":{"allow":["GET"]}}],"collection":[{"href":"https:\/\/www.mafsz.hu\/index.php\/wp-json\/wp\/v2\/pages"}],"about":[{"href":"https:\/\/www.mafsz.hu\/index.php\/wp-json\/wp\/v2\/types\/page"}],"author":[{"embeddable":true,"href":"https:\/\/www.mafsz.hu\/index.php\/wp-json\/wp\/v2\/users\/1"}],"replies":[{"embeddable":true,"href":"https:\/\/www.mafsz.hu\/index.php\/wp-json\/wp\/v2\/comments?post=167"}],"version-history":[{"count":14,"href":"https:\/\/www.mafsz.hu\/index.php\/wp-json\/wp\/v2\/pages\/167\/revisions"}],"predecessor-version":[{"id":1692,"href":"https:\/\/www.mafsz.hu\/index.php\/wp-json\/wp\/v2\/pages\/167\/revisions\/1692"}],"wp:attachment":[{"href":"https:\/\/www.mafsz.hu\/index.php\/wp-json\/wp\/v2\/media?parent=167"}],"curies":[{"name":"wp","href":"https:\/\/api.w.org\/{rel}","templated":true}]}}