{"id":170,"date":"2017-07-25T10:22:34","date_gmt":"2017-07-25T10:22:34","guid":{"rendered":"http:\/\/www.mafsz.hu\/?page_id=170"},"modified":"2017-11-15T14:16:24","modified_gmt":"2017-11-15T14:16:24","slug":"linkek","status":"publish","type":"page","link":"https:\/\/www.mafsz.hu\/index.php\/linkek\/","title":{"rendered":"Linkek"},"content":{"rendered":"<p><a href=\"http:\/\/www.tilos.hu\" target=\"_blank\" rel=\"noopener\"><img loading=\"lazy\" decoding=\"async\" class=\"aligncenter wp-image-185 size-full\" src=\"http:\/\/www.mafsz.hu\/wp-content\/uploads\/2017\/07\/tilos.jpg\" alt=\"\" width=\"580\" height=\"80\" srcset=\"https:\/\/www.mafsz.hu\/wp-content\/uploads\/2017\/07\/tilos.jpg 580w, https:\/\/www.mafsz.hu\/wp-content\/uploads\/2017\/07\/tilos-300x41.jpg 300w\" sizes=\"auto, (max-width: 580px) 100vw, 580px\" \/><\/a><a href=\"http:\/\/www.a38.hu\" target=\"_blank\" rel=\"noopener\"><img loading=\"lazy\" decoding=\"async\" class=\"size-full wp-image-171 aligncenter\" src=\"http:\/\/www.mafsz.hu\/wp-content\/uploads\/2017\/07\/a38-300x41.jpg\" alt=\"\" width=\"580\" height=\"80\" srcset=\"https:\/\/www.mafsz.hu\/wp-content\/uploads\/2017\/07\/a38-300x41.jpg 300w, https:\/\/www.mafsz.hu\/wp-content\/uploads\/2017\/07\/a38.jpg 580w\" sizes=\"auto, (max-width: 580px) 100vw, 580px\" \/><\/a><a href=\"http:\/\/www.mediawavefestival.hu\/\" target=\"_blank\" rel=\"noopener\"><img loading=\"lazy\" decoding=\"async\" class=\"size-full wp-image-182 aligncenter\" src=\"http:\/\/www.mafsz.hu\/wp-content\/uploads\/2017\/07\/mediawave-300x41.jpg\" alt=\"\" width=\"580\" height=\"80\" srcset=\"https:\/\/www.mafsz.hu\/wp-content\/uploads\/2017\/07\/mediawave-300x41.jpg 300w, https:\/\/www.mafsz.hu\/wp-content\/uploads\/2017\/07\/mediawave.jpg 580w\" sizes=\"auto, (max-width: 580px) 100vw, 580px\" \/><\/a><a href=\"http:\/\/www.kvb.hu\" target=\"_blank\" rel=\"noopener\"><img loading=\"lazy\" decoding=\"async\" class=\"size-full wp-image-180 aligncenter\" src=\"http:\/\/www.mafsz.hu\/wp-content\/uploads\/2017\/07\/kvb-300x41.jpg\" alt=\"\" width=\"580\" height=\"80\" srcset=\"https:\/\/www.mafsz.hu\/wp-content\/uploads\/2017\/07\/kvb-300x41.jpg 300w, https:\/\/www.mafsz.hu\/wp-content\/uploads\/2017\/07\/kvb.jpg 580w\" sizes=\"auto, (max-width: 580px) 100vw, 580px\" \/><\/a><a href=\"http:\/\/www.kvb.hu\/filmek\/index.php\/hu\/jatekfilm\/7-a-kis-utazas\" target=\"_blank\" rel=\"noopener\"><img loading=\"lazy\" decoding=\"async\" class=\"size-full wp-image-179 aligncenter\" src=\"http:\/\/www.mafsz.hu\/wp-content\/uploads\/2017\/07\/kisutazas-300x41.jpg\" alt=\"\" width=\"580\" height=\"80\" srcset=\"https:\/\/www.mafsz.hu\/wp-content\/uploads\/2017\/07\/kisutazas-300x41.jpg 300w, https:\/\/www.mafsz.hu\/wp-content\/uploads\/2017\/07\/kisutazas.jpg 580w\" sizes=\"auto, (max-width: 580px) 100vw, 580px\" \/><\/a><a href=\"https:\/\/www.youtube.com\/user\/kaldyfilm\/videos\" target=\"_blank\" rel=\"noopener\"><img loading=\"lazy\" decoding=\"async\" class=\"size-full wp-image-177 aligncenter\" src=\"http:\/\/www.mafsz.hu\/wp-content\/uploads\/2017\/07\/kaldy-300x41.jpg\" alt=\"\" width=\"580\" height=\"80\" srcset=\"https:\/\/www.mafsz.hu\/wp-content\/uploads\/2017\/07\/kaldy-300x41.jpg 300w, https:\/\/www.mafsz.hu\/wp-content\/uploads\/2017\/07\/kaldy.jpg 580w\" sizes=\"auto, (max-width: 580px) 100vw, 580px\" \/><\/a><a href=\"http:\/\/magyar.film.hu\/\" target=\"_blank\" rel=\"noopener\"><img loading=\"lazy\" decoding=\"async\" class=\"size-full wp-image-175 aligncenter\" src=\"http:\/\/www.mafsz.hu\/wp-content\/uploads\/2017\/07\/filmhu-300x41.jpg\" alt=\"\" width=\"580\" height=\"80\" srcset=\"https:\/\/www.mafsz.hu\/wp-content\/uploads\/2017\/07\/filmhu-300x41.jpg 300w, https:\/\/www.mafsz.hu\/wp-content\/uploads\/2017\/07\/filmhu.jpg 580w\" sizes=\"auto, (max-width: 580px) 100vw, 580px\" \/><\/a><a href=\"http:\/\/diakfilmszemle.polifilm.hu\/\" target=\"_blank\" rel=\"noopener\"><img loading=\"lazy\" decoding=\"async\" class=\"size-full wp-image-174 aligncenter\" src=\"http:\/\/www.mafsz.hu\/wp-content\/uploads\/2017\/07\/diakfilmszemle-300x41.jpg\" alt=\"\" width=\"580\" height=\"80\" srcset=\"https:\/\/www.mafsz.hu\/wp-content\/uploads\/2017\/07\/diakfilmszemle-300x41.jpg 300w, https:\/\/www.mafsz.hu\/wp-content\/uploads\/2017\/07\/diakfilmszemle.jpg 580w\" sizes=\"auto, (max-width: 580px) 100vw, 580px\" \/><\/a><\/p>\n","protected":false},"excerpt":{"rendered":"","protected":false},"author":1,"featured_media":0,"parent":0,"menu_order":0,"comment_status":"closed","ping_status":"closed","template":"","meta":{"footnotes":""},"class_list":["post-170","page","type-page","status-publish","hentry"],"yoast_head":"<!-- This site is optimized with the Yoast SEO plugin v27.0 - https:\/\/yoast.com\/product\/yoast-seo-wordpress\/ -->\n<title>Linkek - MAFSZ<\/title>\n<meta name=\"robots\" content=\"index, follow, max-snippet:-1, max-image-preview:large, max-video-preview:-1\" \/>\n<link rel=\"canonical\" href=\"https:\/\/www.mafsz.hu\/index.php\/linkek\/\" \/>\n<meta property=\"og:locale\" content=\"hu_HU\" \/>\n<meta property=\"og:type\" content=\"article\" \/>\n<meta property=\"og:title\" content=\"Linkek - MAFSZ\" \/>\n<meta property=\"og:url\" content=\"https:\/\/www.mafsz.hu\/index.php\/linkek\/\" \/>\n<meta property=\"og:site_name\" content=\"MAFSZ\" \/>\n<meta property=\"article:publisher\" content=\"https:\/\/www.facebook.com\/MAFSZ\/\" \/>\n<meta property=\"article:modified_time\" content=\"2017-11-15T14:16:24+00:00\" \/>\n<meta property=\"og:image\" content=\"http:\/\/www.mafsz.hu\/wp-content\/uploads\/2017\/07\/tilos.jpg\" \/>\n<meta name=\"twitter:card\" content=\"summary_large_image\" \/>\n<script type=\"application\/ld+json\" class=\"yoast-schema-graph\">{\"@context\":\"https:\/\/schema.org\",\"@graph\":[{\"@type\":\"WebPage\",\"@id\":\"https:\/\/www.mafsz.hu\/index.php\/linkek\/\",\"url\":\"https:\/\/www.mafsz.hu\/index.php\/linkek\/\",\"name\":\"Linkek - MAFSZ\",\"isPartOf\":{\"@id\":\"https:\/\/www.mafsz.hu\/#website\"},\"primaryImageOfPage\":{\"@id\":\"https:\/\/www.mafsz.hu\/index.php\/linkek\/#primaryimage\"},\"image\":{\"@id\":\"https:\/\/www.mafsz.hu\/index.php\/linkek\/#primaryimage\"},\"thumbnailUrl\":\"http:\/\/www.mafsz.hu\/wp-content\/uploads\/2017\/07\/tilos.jpg\",\"datePublished\":\"2017-07-25T10:22:34+00:00\",\"dateModified\":\"2017-11-15T14:16:24+00:00\",\"breadcrumb\":{\"@id\":\"https:\/\/www.mafsz.hu\/index.php\/linkek\/#breadcrumb\"},\"inLanguage\":\"hu\",\"potentialAction\":[{\"@type\":\"ReadAction\",\"target\":[\"https:\/\/www.mafsz.hu\/index.php\/linkek\/\"]}]},{\"@type\":\"ImageObject\",\"inLanguage\":\"hu\",\"@id\":\"https:\/\/www.mafsz.hu\/index.php\/linkek\/#primaryimage\",\"url\":\"http:\/\/www.mafsz.hu\/wp-content\/uploads\/2017\/07\/tilos.jpg\",\"contentUrl\":\"http:\/\/www.mafsz.hu\/wp-content\/uploads\/2017\/07\/tilos.jpg\"},{\"@type\":\"BreadcrumbList\",\"@id\":\"https:\/\/www.mafsz.hu\/index.php\/linkek\/#breadcrumb\",\"itemListElement\":[{\"@type\":\"ListItem\",\"position\":1,\"name\":\"Home\",\"item\":\"https:\/\/www.mafsz.hu\/\"},{\"@type\":\"ListItem\",\"position\":2,\"name\":\"Linkek\"}]},{\"@type\":\"WebSite\",\"@id\":\"https:\/\/www.mafsz.hu\/#website\",\"url\":\"https:\/\/www.mafsz.hu\/\",\"name\":\"MAFSZ - Magyar F\u00fcggetlen Film \u00e9s Vide\u00f3 Sz\u00f6vets\u00e9g\",\"description\":\"Magyar F\u00fcggetlen Film \u00e9s Video Sz\u00f6vets\u00e9g\",\"publisher\":{\"@id\":\"https:\/\/www.mafsz.hu\/#organization\"},\"potentialAction\":[{\"@type\":\"SearchAction\",\"target\":{\"@type\":\"EntryPoint\",\"urlTemplate\":\"https:\/\/www.mafsz.hu\/?s={search_term_string}\"},\"query-input\":{\"@type\":\"PropertyValueSpecification\",\"valueRequired\":true,\"valueName\":\"search_term_string\"}}],\"inLanguage\":\"hu\"},{\"@type\":\"Organization\",\"@id\":\"https:\/\/www.mafsz.hu\/#organization\",\"name\":\"Magyar F\u00fcggetlen Film \u00e9s Video Sz\u00f6vets\u00e9g\",\"url\":\"https:\/\/www.mafsz.hu\/\",\"logo\":{\"@type\":\"ImageObject\",\"inLanguage\":\"hu\",\"@id\":\"https:\/\/www.mafsz.hu\/#\/schema\/logo\/image\/\",\"url\":\"https:\/\/www.mafsz.hu\/wp-content\/uploads\/2019\/01\/Mafszlogo_ff_72dpi_2018.jpg\",\"contentUrl\":\"https:\/\/www.mafsz.hu\/wp-content\/uploads\/2019\/01\/Mafszlogo_ff_72dpi_2018.jpg\",\"width\":724,\"height\":705,\"caption\":\"Magyar F\u00fcggetlen Film \u00e9s Video Sz\u00f6vets\u00e9g\"},\"image\":{\"@id\":\"https:\/\/www.mafsz.hu\/#\/schema\/logo\/image\/\"},\"sameAs\":[\"https:\/\/www.facebook.com\/MAFSZ\/\",\"https:\/\/www.instagram.com\/mafsz31\",\"https:\/\/www.youtube.com\/channel\/UC0VaPk-iRomi0S1rTqAlFZg\"]}]}<\/script>\n<!-- \/ Yoast SEO plugin. -->","yoast_head_json":{"title":"Linkek - MAFSZ","robots":{"index":"index","follow":"follow","max-snippet":"max-snippet:-1","max-image-preview":"max-image-preview:large","max-video-preview":"max-video-preview:-1"},"canonical":"https:\/\/www.mafsz.hu\/index.php\/linkek\/","og_locale":"hu_HU","og_type":"article","og_title":"Linkek - MAFSZ","og_url":"https:\/\/www.mafsz.hu\/index.php\/linkek\/","og_site_name":"MAFSZ","article_publisher":"https:\/\/www.facebook.com\/MAFSZ\/","article_modified_time":"2017-11-15T14:16:24+00:00","og_image":[{"url":"http:\/\/www.mafsz.hu\/wp-content\/uploads\/2017\/07\/tilos.jpg","type":"","width":"","height":""}],"twitter_card":"summary_large_image","schema":{"@context":"https:\/\/schema.org","@graph":[{"@type":"WebPage","@id":"https:\/\/www.mafsz.hu\/index.php\/linkek\/","url":"https:\/\/www.mafsz.hu\/index.php\/linkek\/","name":"Linkek - MAFSZ","isPartOf":{"@id":"https:\/\/www.mafsz.hu\/#website"},"primaryImageOfPage":{"@id":"https:\/\/www.mafsz.hu\/index.php\/linkek\/#primaryimage"},"image":{"@id":"https:\/\/www.mafsz.hu\/index.php\/linkek\/#primaryimage"},"thumbnailUrl":"http:\/\/www.mafsz.hu\/wp-content\/uploads\/2017\/07\/tilos.jpg","datePublished":"2017-07-25T10:22:34+00:00","dateModified":"2017-11-15T14:16:24+00:00","breadcrumb":{"@id":"https:\/\/www.mafsz.hu\/index.php\/linkek\/#breadcrumb"},"inLanguage":"hu","potentialAction":[{"@type":"ReadAction","target":["https:\/\/www.mafsz.hu\/index.php\/linkek\/"]}]},{"@type":"ImageObject","inLanguage":"hu","@id":"https:\/\/www.mafsz.hu\/index.php\/linkek\/#primaryimage","url":"http:\/\/www.mafsz.hu\/wp-content\/uploads\/2017\/07\/tilos.jpg","contentUrl":"http:\/\/www.mafsz.hu\/wp-content\/uploads\/2017\/07\/tilos.jpg"},{"@type":"BreadcrumbList","@id":"https:\/\/www.mafsz.hu\/index.php\/linkek\/#breadcrumb","itemListElement":[{"@type":"ListItem","position":1,"name":"Home","item":"https:\/\/www.mafsz.hu\/"},{"@type":"ListItem","position":2,"name":"Linkek"}]},{"@type":"WebSite","@id":"https:\/\/www.mafsz.hu\/#website","url":"https:\/\/www.mafsz.hu\/","name":"MAFSZ - Magyar F\u00fcggetlen Film \u00e9s Vide\u00f3 Sz\u00f6vets\u00e9g","description":"Magyar F\u00fcggetlen Film \u00e9s Video Sz\u00f6vets\u00e9g","publisher":{"@id":"https:\/\/www.mafsz.hu\/#organization"},"potentialAction":[{"@type":"SearchAction","target":{"@type":"EntryPoint","urlTemplate":"https:\/\/www.mafsz.hu\/?s={search_term_string}"},"query-input":{"@type":"PropertyValueSpecification","valueRequired":true,"valueName":"search_term_string"}}],"inLanguage":"hu"},{"@type":"Organization","@id":"https:\/\/www.mafsz.hu\/#organization","name":"Magyar F\u00fcggetlen Film \u00e9s Video Sz\u00f6vets\u00e9g","url":"https:\/\/www.mafsz.hu\/","logo":{"@type":"ImageObject","inLanguage":"hu","@id":"https:\/\/www.mafsz.hu\/#\/schema\/logo\/image\/","url":"https:\/\/www.mafsz.hu\/wp-content\/uploads\/2019\/01\/Mafszlogo_ff_72dpi_2018.jpg","contentUrl":"https:\/\/www.mafsz.hu\/wp-content\/uploads\/2019\/01\/Mafszlogo_ff_72dpi_2018.jpg","width":724,"height":705,"caption":"Magyar F\u00fcggetlen Film \u00e9s Video Sz\u00f6vets\u00e9g"},"image":{"@id":"https:\/\/www.mafsz.hu\/#\/schema\/logo\/image\/"},"sameAs":["https:\/\/www.facebook.com\/MAFSZ\/","https:\/\/www.instagram.com\/mafsz31","https:\/\/www.youtube.com\/channel\/UC0VaPk-iRomi0S1rTqAlFZg"]}]}},"jetpack_sharing_enabled":true,"_links":{"self":[{"href":"https:\/\/www.mafsz.hu\/index.php\/wp-json\/wp\/v2\/pages\/170","targetHints":{"allow":["GET"]}}],"collection":[{"href":"https:\/\/www.mafsz.hu\/index.php\/wp-json\/wp\/v2\/pages"}],"about":[{"href":"https:\/\/www.mafsz.hu\/index.php\/wp-json\/wp\/v2\/types\/page"}],"author":[{"embeddable":true,"href":"https:\/\/www.mafsz.hu\/index.php\/wp-json\/wp\/v2\/users\/1"}],"replies":[{"embeddable":true,"href":"https:\/\/www.mafsz.hu\/index.php\/wp-json\/wp\/v2\/comments?post=170"}],"version-history":[{"count":3,"href":"https:\/\/www.mafsz.hu\/index.php\/wp-json\/wp\/v2\/pages\/170\/revisions"}],"predecessor-version":[{"id":448,"href":"https:\/\/www.mafsz.hu\/index.php\/wp-json\/wp\/v2\/pages\/170\/revisions\/448"}],"wp:attachment":[{"href":"https:\/\/www.mafsz.hu\/index.php\/wp-json\/wp\/v2\/media?parent=170"}],"curies":[{"name":"wp","href":"https:\/\/api.w.org\/{rel}","templated":true}]}}